{"id":4523,"date":"2023-03-02T16:17:11","date_gmt":"2023-03-02T19:17:11","guid":{"rendered":"https:\/\/luctel.com.br\/?page_id=4523"},"modified":"2023-05-16T13:49:28","modified_gmt":"2023-05-16T16:49:28","slug":"politica-de-privacidad","status":"publish","type":"page","link":"https:\/\/luctel.com.br\/es\/politica-de-privacidad\/","title":{"rendered":"pol\u00edtica de privacidad"},"content":{"rendered":"<div data-elementor-type=\"wp-page\" data-elementor-id=\"4523\" class=\"elementor elementor-4523\" data-elementor-post-type=\"page\">\n\t\t\t\t\t\t<section class=\"elementor-section elementor-top-section elementor-element elementor-element-bcd59db elementor-section-boxed elementor-section-height-default elementor-section-height-default\" data-id=\"bcd59db\" data-element_type=\"section\" data-e-type=\"section\">\n\t\t\t\t\t\t<div class=\"elementor-container elementor-column-gap-default\">\n\t\t\t\t\t<div class=\"elementor-column elementor-col-100 elementor-top-column elementor-element elementor-element-360c13c\" data-id=\"360c13c\" data-element_type=\"column\" data-e-type=\"column\">\n\t\t\t<div class=\"elementor-widget-wrap elementor-element-populated\">\n\t\t\t\t\t\t<div class=\"elementor-element elementor-element-03518e4 elementor-widget elementor-widget-heading\" data-id=\"03518e4\" data-element_type=\"widget\" data-e-type=\"widget\" data-widget_type=\"heading.default\">\n\t\t\t\t<div class=\"elementor-widget-container\">\n\t\t\t\t\t<h2 class=\"elementor-heading-title elementor-size-default\">POL\u00cdTICA DE PRIVACIDAD DE DATOS PERSONALES<\/h2>\t\t\t\t<\/div>\n\t\t\t\t<\/div>\n\t\t\t\t<div class=\"elementor-element elementor-element-517d33f elementor-widget elementor-widget-heading\" data-id=\"517d33f\" data-element_type=\"widget\" data-e-type=\"widget\" data-widget_type=\"heading.default\">\n\t\t\t\t<div class=\"elementor-widget-container\">\n\t\t\t\t\t<h2 class=\"elementor-heading-title elementor-size-default\">1- INFORMACI\u00d3N GENERAL<\/h2>\t\t\t\t<\/div>\n\t\t\t\t<\/div>\n\t\t\t\t<div class=\"elementor-element elementor-element-34ee61d elementor-widget elementor-widget-text-editor\" data-id=\"34ee61d\" data-element_type=\"widget\" data-e-type=\"widget\" data-widget_type=\"text-editor.default\">\n\t\t\t\t<div class=\"elementor-widget-container\">\n\t\t\t\t\t\t\t\t\t<p>EL <strong>Luctel Telefon\u00eda y Tecnolog\u00eda de la Informaci\u00f3n<\/strong> valora la privacidad de sus usuarios y cre\u00f3 esta Pol\u00edtica de Privacidad para demostrar su compromiso con la protecci\u00f3n de su privacidad y sus datos personales, de conformidad con la Ley General de Protecci\u00f3n de Datos y dem\u00e1s leyes sobre la materia, as\u00ed como para describir c\u00f3mo se protege su privacidad mediante <strong>Luctel Telefon\u00eda y Tecnolog\u00eda de la Informaci\u00f3n <\/strong>al recopilar, procesar y almacenar su informaci\u00f3n personal.<\/p><p>EL <strong>Luctel Telefon\u00eda y Tecnolog\u00eda de la Informaci\u00f3n<\/strong> sigue el C\u00f3digo de \u00c9tica y Conducta que representa la misi\u00f3n, visi\u00f3n y valores, creado con el objetivo de orientar y retratar los valores prioritarios de esta empresa desde su concepci\u00f3n, visando siempre la actuaci\u00f3n \u00e9tica de todos sus colaboradores.<\/p>\t\t\t\t\t\t\t\t<\/div>\n\t\t\t\t<\/div>\n\t\t\t\t<div class=\"elementor-element elementor-element-756b9ff elementor-widget elementor-widget-accordion\" data-id=\"756b9ff\" data-element_type=\"widget\" data-e-type=\"widget\" data-widget_type=\"accordion.default\">\n\t\t\t\t<div class=\"elementor-widget-container\">\n\t\t\t\t\t\t\t<div class=\"elementor-accordion\">\n\t\t\t\t\t\t\t<div class=\"elementor-accordion-item\">\n\t\t\t\t\t<div id=\"elementor-tab-title-1231\" class=\"elementor-tab-title\" data-tab=\"1\" role=\"button\" aria-controls=\"elementor-tab-content-1231\" aria-expanded=\"false\">\n\t\t\t\t\t\t\t\t\t\t\t\t\t<span class=\"elementor-accordion-icon elementor-accordion-icon-left\" aria-hidden=\"true\">\n\t\t\t\t\t\t\t\t\t\t\t\t\t\t\t<span class=\"elementor-accordion-icon-closed\"><svg class=\"e-font-icon-svg e-fas-plus\" viewbox=\"0 0 448 512\" xmlns=\"http:\/\/www.w3.org\/2000\/svg\"><path d=\"M416 208H272V64c0-17.67-14.33-32-32-32h-32c-17.67 0-32 14.33-32 32v144H32c-17.67 0-32 14.33-32 32v32c0 17.67 14.33 32 32 32h144v144c0 17.67 14.33 32 32 32h32c17.67 0 32-14.33 32-32V304h144c17.67 0 32-14.33 32-32v-32c0-17.67-14.33-32-32-32z\"><\/path><\/svg><\/span>\n\t\t\t\t\t\t\t\t<span class=\"elementor-accordion-icon-opened\"><svg class=\"e-font-icon-svg e-fas-minus\" viewbox=\"0 0 448 512\" xmlns=\"http:\/\/www.w3.org\/2000\/svg\"><path d=\"M416 208H32c-17.67 0-32 14.33-32 32v32c0 17.67 14.33 32 32 32h384c17.67 0 32-14.33 32-32v-32c0-17.67-14.33-32-32-32z\"><\/path><\/svg><\/span>\n\t\t\t\t\t\t\t\t\t\t\t\t\t\t<\/span>\n\t\t\t\t\t\t\t\t\t\t\t\t<a class=\"elementor-accordion-title\" tabindex=\"0\">1.1. DEFINICIONES<\/a>\n\t\t\t\t\t<\/div>\n\t\t\t\t\t<div id=\"elementor-tab-content-1231\" class=\"elementor-tab-content elementor-clearfix\" data-tab=\"1\" role=\"region\" aria-labelledby=\"elementor-tab-title-1231\"><p><strong>Usuario<\/strong>: todas aquellas personas f\u00edsicas que utilicen o visiten el(los) Sitio(s) Web y\/o aplicaci\u00f3n(es), mayores de 18 (dieciocho) a\u00f1os o emancipadas y plenamente capaces para realizar actos de la vida civil o absolutamente o relativamente incapaces y debidamente representadas o asistidas.<\/p><p><strong>Datos personales:<\/strong> significa cualquier informaci\u00f3n proporcionada y\/o recopilada por la empresa, por cualquier medio, incluso si es p\u00fablico, que: <br \/>(I) identifique, o que, cuando se utiliza en combinaci\u00f3n con otra informaci\u00f3n procesada por la empresa, identifique a un individuo; o <br \/>(II) a trav\u00e9s de los cuales se puedan derivar datos de identificaci\u00f3n o contacto de una persona f\u00edsica.<\/p><p>Los Datos Personales pueden estar en cualquier medio o formato, incluidos registros electr\u00f3nicos o informatizados, as\u00ed como archivos en papel.<em> Los datos personales, sin embargo, no incluyen tel\u00e9fono comercial, n\u00famero de tel\u00e9fono m\u00f3vil comercial, direcci\u00f3n comercial ni correo electr\u00f3nico comercial.<\/em><\/p><p><strong>Objetivo: <\/strong>el objetivo, la finalidad que la empresa pretende conseguir a trav\u00e9s de cada acto de tratamiento de informaci\u00f3n personal.<\/p><p><strong>Necesidad: <\/strong>Justificaci\u00f3n por la cual es estrictamente necesario recoger datos personales, para conseguir la finalidad, evitando la recogida excesiva.<\/p><p><strong>Bases legales: <\/strong>base legal que hace leg\u00edtimo el tratamiento de datos personales con una finalidad espec\u00edfica por parte de la empresa.<\/p><p><strong>Consentir:<\/strong> autorizaci\u00f3n expresa e inequ\u00edvoca del Usuario titular de los datos personales para que el tratamiento de los mismos <strong>Luctel Telefon\u00eda y Tecnolog\u00eda de la Informaci\u00f3n <\/strong>tratar sus datos personales para una finalidad previamente descrita, en la que la base legal necesaria para el acto requiere la autorizaci\u00f3n expresa del titular.<\/p><p>Esta pol\u00edtica se aplica, con car\u00e1cter general, a todos los Usuarios y potenciales Usuarios de los servicios ofrecidos por<strong> Luctel Telefon\u00eda y Tecnolog\u00eda de la Informaci\u00f3n<\/strong> y resume c\u00f3mo el<strong> Luctel Telefon\u00eda y Tecnolog\u00eda de la Informaci\u00f3n<\/strong> podr\u00e1 recopilar, producir, recibir, clasificar, utilizar, acceder, reproducir, transmitir, distribuir, procesar, archivar, almacenar, eliminar, evaluar o controlar la informaci\u00f3n, modificar, comunicar, transferir, difundir o extraer los datos recopilados, incluida la informaci\u00f3n de identificaci\u00f3n personal, de conformidad con las bases legales aplicables y todas las leyes de privacidad y protecci\u00f3n de datos vigentes.<\/p><p>Si el Usuario no se ajusta a la descripci\u00f3n anterior y\/o no est\u00e1 de acuerdo, incluso parcialmente, con los t\u00e9rminos y condiciones contenidos en esta Pol\u00edtica de Privacidad, no deber\u00e1 acceder y\/o utilizar los servicios ofrecidos por<strong> Luctel Telefon\u00eda y Tecnolog\u00eda de la Informaci\u00f3n<\/strong>, as\u00ed como los sitios web y servicios operados por \u00e9ste.<\/p><\/div>\n\t\t\t\t<\/div>\n\t\t\t\t\t\t\t<div class=\"elementor-accordion-item\">\n\t\t\t\t\t<div id=\"elementor-tab-title-1232\" class=\"elementor-tab-title\" data-tab=\"2\" role=\"button\" aria-controls=\"elementor-tab-content-1232\" aria-expanded=\"false\">\n\t\t\t\t\t\t\t\t\t\t\t\t\t<span class=\"elementor-accordion-icon elementor-accordion-icon-left\" aria-hidden=\"true\">\n\t\t\t\t\t\t\t\t\t\t\t\t\t\t\t<span class=\"elementor-accordion-icon-closed\"><svg class=\"e-font-icon-svg e-fas-plus\" viewbox=\"0 0 448 512\" xmlns=\"http:\/\/www.w3.org\/2000\/svg\"><path d=\"M416 208H272V64c0-17.67-14.33-32-32-32h-32c-17.67 0-32 14.33-32 32v144H32c-17.67 0-32 14.33-32 32v32c0 17.67 14.33 32 32 32h144v144c0 17.67 14.33 32 32 32h32c17.67 0 32-14.33 32-32V304h144c17.67 0 32-14.33 32-32v-32c0-17.67-14.33-32-32-32z\"><\/path><\/svg><\/span>\n\t\t\t\t\t\t\t\t<span class=\"elementor-accordion-icon-opened\"><svg class=\"e-font-icon-svg e-fas-minus\" viewbox=\"0 0 448 512\" xmlns=\"http:\/\/www.w3.org\/2000\/svg\"><path d=\"M416 208H32c-17.67 0-32 14.33-32 32v32c0 17.67 14.33 32 32 32h384c17.67 0 32-14.33 32-32v-32c0-17.67-14.33-32-32-32z\"><\/path><\/svg><\/span>\n\t\t\t\t\t\t\t\t\t\t\t\t\t\t<\/span>\n\t\t\t\t\t\t\t\t\t\t\t\t<a class=\"elementor-accordion-title\" tabindex=\"0\">2. RECOPILACI\u00d3N Y USO DE INFORMACI\u00d3N PERSONAL<\/a>\n\t\t\t\t\t<\/div>\n\t\t\t\t\t<div id=\"elementor-tab-content-1232\" class=\"elementor-tab-content elementor-clearfix\" data-tab=\"2\" role=\"region\" aria-labelledby=\"elementor-tab-title-1232\"><p>En este sentido, todos los datos personales recopilados y sus finalidades se encuentran disponibles en el Mapa General de DP de la empresa.<strong> Luctel Telefon\u00eda y Tecnolog\u00eda de la Informaci\u00f3n<\/strong> El titular de los datos personales podr\u00e1 solicitar la informaci\u00f3n disponible en cualquier momento que lo considere necesario. La empresa dispone de un plazo de 3 d\u00edas h\u00e1biles para proporcionar toda la informaci\u00f3n.<\/p><p>Los datos personales que no se encuentren dentro de las bases legales definidas en el Cap\u00edtulo II, art\u00edculo 7 de la Ley 13.709 (Ley General de Protecci\u00f3n de Datos), cuentan con el consentimiento expreso del titular para su debido tratamiento.<\/p><\/div>\n\t\t\t\t<\/div>\n\t\t\t\t\t\t\t<div class=\"elementor-accordion-item\">\n\t\t\t\t\t<div id=\"elementor-tab-title-1233\" class=\"elementor-tab-title\" data-tab=\"3\" role=\"button\" aria-controls=\"elementor-tab-content-1233\" aria-expanded=\"false\">\n\t\t\t\t\t\t\t\t\t\t\t\t\t<span class=\"elementor-accordion-icon elementor-accordion-icon-left\" aria-hidden=\"true\">\n\t\t\t\t\t\t\t\t\t\t\t\t\t\t\t<span class=\"elementor-accordion-icon-closed\"><svg class=\"e-font-icon-svg e-fas-plus\" viewbox=\"0 0 448 512\" xmlns=\"http:\/\/www.w3.org\/2000\/svg\"><path d=\"M416 208H272V64c0-17.67-14.33-32-32-32h-32c-17.67 0-32 14.33-32 32v144H32c-17.67 0-32 14.33-32 32v32c0 17.67 14.33 32 32 32h144v144c0 17.67 14.33 32 32 32h32c17.67 0 32-14.33 32-32V304h144c17.67 0 32-14.33 32-32v-32c0-17.67-14.33-32-32-32z\"><\/path><\/svg><\/span>\n\t\t\t\t\t\t\t\t<span class=\"elementor-accordion-icon-opened\"><svg class=\"e-font-icon-svg e-fas-minus\" viewbox=\"0 0 448 512\" xmlns=\"http:\/\/www.w3.org\/2000\/svg\"><path d=\"M416 208H32c-17.67 0-32 14.33-32 32v32c0 17.67 14.33 32 32 32h384c17.67 0 32-14.33 32-32v-32c0-17.67-14.33-32-32-32z\"><\/path><\/svg><\/span>\n\t\t\t\t\t\t\t\t\t\t\t\t\t\t<\/span>\n\t\t\t\t\t\t\t\t\t\t\t\t<a class=\"elementor-accordion-title\" tabindex=\"0\">3. SEGURIDAD DE LA INFORMACI\u00d3N PERSONAL<\/a>\n\t\t\t\t\t<\/div>\n\t\t\t\t\t<div id=\"elementor-tab-content-1233\" class=\"elementor-tab-content elementor-clearfix\" data-tab=\"3\" role=\"region\" aria-labelledby=\"elementor-tab-title-1233\"><p>Para mantener segura su informaci\u00f3n personal, utilizamos herramientas f\u00edsicas, electr\u00f3nicas y administrativas dise\u00f1adas para proteger su privacidad. Aplicamos estas herramientas teniendo en cuenta la naturaleza de los datos personales recopilados, el contexto y la finalidad del tratamiento, y los riesgos que cualquier vulneraci\u00f3n pudiera generar para los derechos y libertades del titular de los datos recopilados y tratados. Entre las medidas que adoptamos, destacamos las siguientes:<\/p><ul><li>S\u00f3lo las personas autorizadas tienen acceso a sus datos personales;<\/li><li>El acceso a sus datos personales s\u00f3lo se concede despu\u00e9s de un compromiso de confidencialidad;<\/li><li>Sus datos personales se almacenan en un entorno seguro y adecuado.<\/li><\/ul><p>EL <strong>Luctel Telefon\u00eda y Tecnolog\u00eda de la Informaci\u00f3n<\/strong> se compromete a adoptar las mejores pr\u00e1cticas para evitar incidentes de seguridad.<\/p><p>En caso de que se produzcan incidentes de seguridad que puedan generar riesgo o da\u00f1o relevante para usted o alguno de nuestros usuarios\/clientes, notificaremos a los afectados y a la Autoridad Nacional de Protecci\u00f3n de Datos sobre el incidente, de conformidad con lo dispuesto en la Ley General de Protecci\u00f3n de Datos.<\/p><\/div>\n\t\t\t\t<\/div>\n\t\t\t\t\t\t\t<div class=\"elementor-accordion-item\">\n\t\t\t\t\t<div id=\"elementor-tab-title-1234\" class=\"elementor-tab-title\" data-tab=\"4\" role=\"button\" aria-controls=\"elementor-tab-content-1234\" aria-expanded=\"false\">\n\t\t\t\t\t\t\t\t\t\t\t\t\t<span class=\"elementor-accordion-icon elementor-accordion-icon-left\" aria-hidden=\"true\">\n\t\t\t\t\t\t\t\t\t\t\t\t\t\t\t<span class=\"elementor-accordion-icon-closed\"><svg class=\"e-font-icon-svg e-fas-plus\" viewbox=\"0 0 448 512\" xmlns=\"http:\/\/www.w3.org\/2000\/svg\"><path d=\"M416 208H272V64c0-17.67-14.33-32-32-32h-32c-17.67 0-32 14.33-32 32v144H32c-17.67 0-32 14.33-32 32v32c0 17.67 14.33 32 32 32h144v144c0 17.67 14.33 32 32 32h32c17.67 0 32-14.33 32-32V304h144c17.67 0 32-14.33 32-32v-32c0-17.67-14.33-32-32-32z\"><\/path><\/svg><\/span>\n\t\t\t\t\t\t\t\t<span class=\"elementor-accordion-icon-opened\"><svg class=\"e-font-icon-svg e-fas-minus\" viewbox=\"0 0 448 512\" xmlns=\"http:\/\/www.w3.org\/2000\/svg\"><path d=\"M416 208H32c-17.67 0-32 14.33-32 32v32c0 17.67 14.33 32 32 32h384c17.67 0 32-14.33 32-32v-32c0-17.67-14.33-32-32-32z\"><\/path><\/svg><\/span>\n\t\t\t\t\t\t\t\t\t\t\t\t\t\t<\/span>\n\t\t\t\t\t\t\t\t\t\t\t\t<a class=\"elementor-accordion-title\" tabindex=\"0\">4. RESPONSABLE DE PROTECCI\u00d3N DE DATOS<\/a>\n\t\t\t\t\t<\/div>\n\t\t\t\t\t<div id=\"elementor-tab-content-1234\" class=\"elementor-tab-content elementor-clearfix\" data-tab=\"4\" role=\"region\" aria-labelledby=\"elementor-tab-title-1234\"><p>EL <strong>Luctel Telefon\u00eda y Tecnolog\u00eda de la Informaci\u00f3n<\/strong> pone a su disposici\u00f3n los siguientes medios para que usted pueda ponerse en contacto con nosotros para ejercer sus derechos como titular de datos:<\/p><p><strong>Tel\u00e9fono \/ WhatsApp: (11) 2527-1091<\/strong><\/p><p>Si tiene alguna pregunta sobre esta Pol\u00edtica de Privacidad o los datos personales que procesamos, puede contactar con nuestro Oficial de Protecci\u00f3n de Datos Personales a trav\u00e9s de los siguientes canales:<\/p><p><strong>Marcos Luciano Silva Siqueira\u00a0<\/strong><\/p><p><strong>luciano.siqueira@luctel.com.br<\/strong><\/p><\/div>\n\t\t\t\t<\/div>\n\t\t\t\t\t\t\t<div class=\"elementor-accordion-item\">\n\t\t\t\t\t<div id=\"elementor-tab-title-1235\" class=\"elementor-tab-title\" data-tab=\"5\" role=\"button\" aria-controls=\"elementor-tab-content-1235\" aria-expanded=\"false\">\n\t\t\t\t\t\t\t\t\t\t\t\t\t<span class=\"elementor-accordion-icon elementor-accordion-icon-left\" aria-hidden=\"true\">\n\t\t\t\t\t\t\t\t\t\t\t\t\t\t\t<span class=\"elementor-accordion-icon-closed\"><svg class=\"e-font-icon-svg e-fas-plus\" viewbox=\"0 0 448 512\" xmlns=\"http:\/\/www.w3.org\/2000\/svg\"><path d=\"M416 208H272V64c0-17.67-14.33-32-32-32h-32c-17.67 0-32 14.33-32 32v144H32c-17.67 0-32 14.33-32 32v32c0 17.67 14.33 32 32 32h144v144c0 17.67 14.33 32 32 32h32c17.67 0 32-14.33 32-32V304h144c17.67 0 32-14.33 32-32v-32c0-17.67-14.33-32-32-32z\"><\/path><\/svg><\/span>\n\t\t\t\t\t\t\t\t<span class=\"elementor-accordion-icon-opened\"><svg class=\"e-font-icon-svg e-fas-minus\" viewbox=\"0 0 448 512\" xmlns=\"http:\/\/www.w3.org\/2000\/svg\"><path d=\"M416 208H32c-17.67 0-32 14.33-32 32v32c0 17.67 14.33 32 32 32h384c17.67 0 32-14.33 32-32v-32c0-17.67-14.33-32-32-32z\"><\/path><\/svg><\/span>\n\t\t\t\t\t\t\t\t\t\t\t\t\t\t<\/span>\n\t\t\t\t\t\t\t\t\t\t\t\t<a class=\"elementor-accordion-title\" tabindex=\"0\">5. CAMBIOS EN LA POL\u00cdTICA DE PRIVACIDAD<\/a>\n\t\t\t\t\t<\/div>\n\t\t\t\t\t<div id=\"elementor-tab-content-1235\" class=\"elementor-tab-content elementor-clearfix\" data-tab=\"5\" role=\"region\" aria-labelledby=\"elementor-tab-title-1235\"><p>EL <strong>Luctel Telefon\u00eda y Tecnolog\u00eda de la Informaci\u00f3n<\/strong> Se reserva el derecho de modificar esta Pol\u00edtica de Privacidad en cualquier momento, sin previo aviso y a su entera discreci\u00f3n. Los cambios entrar\u00e1n en vigor inmediatamente despu\u00e9s de la publicaci\u00f3n de la versi\u00f3n actualizada en esta p\u00e1gina.<\/p><p>Si realizamos cambios sustanciales en esta Pol\u00edtica de Privacidad, se lo notificaremos mediante un aviso destacado en nuestro sitio web. Le recomendamos que revise peri\u00f3dicamente esta p\u00e1gina para mantenerse al tanto de los cambios. Si tiene alguna pregunta o inquietud, cont\u00e1ctenos.<\/p><p>Al continuar utilizando el sitio web y\/o los servicios despu\u00e9s de que se publiquen cambios en esta Pol\u00edtica de privacidad, usted acepta dichos cambios y los t\u00e9rminos de la Pol\u00edtica de privacidad actualizada.<\/p><\/div>\n\t\t\t\t<\/div>\n\t\t\t\t\t\t\t\t<\/div>\n\t\t\t\t\t\t<\/div>\n\t\t\t\t<\/div>\n\t\t\t\t\t<\/div>\n\t\t<\/div>\n\t\t\t\t\t<\/div>\n\t\t<\/section>\n\t\t\t\t<\/div>","protected":false},"excerpt":{"rendered":"<p>POL\u00cdTICA DE PRIVACIDADE DE DADOS PESSOAIS 1- INFORMA\u00c7\u00d5ES GERAIS A Luctel Telefonia e Inform\u00e1tica valoriza a privacidade de seus usu\u00e1rios e criou esta Pol\u00edtica de Privacidade para demonstrar seu compromisso em proteger a sua privacidade e seus dados pessoais, nos termos da Lei Geral de Prote\u00e7\u00e3o de Dados e demais leis sobre o tema, bem [&hellip;]<\/p>\n","protected":false},"author":1,"featured_media":0,"parent":0,"menu_order":0,"comment_status":"closed","ping_status":"closed","template":"","meta":{"site-sidebar-layout":"no-sidebar","site-content-layout":"page-builder","ast-site-content-layout":"default","site-content-style":"default","site-sidebar-style":"default","ast-global-header-display":"","ast-banner-title-visibility":"","ast-main-header-display":"","ast-hfb-above-header-display":"","ast-hfb-below-header-display":"","ast-hfb-mobile-header-display":"","site-post-title":"disabled","ast-breadcrumbs-content":"","ast-featured-img":"disabled","footer-sml-layout":"","ast-disable-related-posts":"","theme-transparent-header-meta":"default","adv-header-id-meta":"","stick-header-meta":"","header-above-stick-meta":"","header-main-stick-meta":"","header-below-stick-meta":"","astra-migrate-meta-layouts":"default","ast-page-background-enabled":"default","ast-page-background-meta":{"desktop":{"background-color":"","background-image":"","background-repeat":"repeat","background-position":"center center","background-size":"auto","background-attachment":"scroll","background-type":"","background-media":"","overlay-type":"","overlay-color":"","overlay-opacity":"","overlay-gradient":""},"tablet":{"background-color":"","background-image":"","background-repeat":"repeat","background-position":"center center","background-size":"auto","background-attachment":"scroll","background-type":"","background-media":"","overlay-type":"","overlay-color":"","overlay-opacity":"","overlay-gradient":""},"mobile":{"background-color":"","background-image":"","background-repeat":"repeat","background-position":"center center","background-size":"auto","background-attachment":"scroll","background-type":"","background-media":"","overlay-type":"","overlay-color":"","overlay-opacity":"","overlay-gradient":""}},"ast-content-background-meta":{"desktop":{"background-color":"var(--ast-global-color-5)","background-image":"","background-repeat":"repeat","background-position":"center center","background-size":"auto","background-attachment":"scroll","background-type":"","background-media":"","overlay-type":"","overlay-color":"","overlay-opacity":"","overlay-gradient":""},"tablet":{"background-color":"var(--ast-global-color-5)","background-image":"","background-repeat":"repeat","background-position":"center center","background-size":"auto","background-attachment":"scroll","background-type":"","background-media":"","overlay-type":"","overlay-color":"","overlay-opacity":"","overlay-gradient":""},"mobile":{"background-color":"var(--ast-global-color-5)","background-image":"","background-repeat":"repeat","background-position":"center center","background-size":"auto","background-attachment":"scroll","background-type":"","background-media":"","overlay-type":"","overlay-color":"","overlay-opacity":"","overlay-gradient":""}},"_joinchat":[],"footnotes":""},"class_list":["post-4523","page","type-page","status-publish","hentry"],"_links":{"self":[{"href":"https:\/\/luctel.com.br\/es\/wp-json\/wp\/v2\/pages\/4523","targetHints":{"allow":["GET"]}}],"collection":[{"href":"https:\/\/luctel.com.br\/es\/wp-json\/wp\/v2\/pages"}],"about":[{"href":"https:\/\/luctel.com.br\/es\/wp-json\/wp\/v2\/types\/page"}],"author":[{"embeddable":true,"href":"https:\/\/luctel.com.br\/es\/wp-json\/wp\/v2\/users\/1"}],"replies":[{"embeddable":true,"href":"https:\/\/luctel.com.br\/es\/wp-json\/wp\/v2\/comments?post=4523"}],"version-history":[{"count":0,"href":"https:\/\/luctel.com.br\/es\/wp-json\/wp\/v2\/pages\/4523\/revisions"}],"wp:attachment":[{"href":"https:\/\/luctel.com.br\/es\/wp-json\/wp\/v2\/media?parent=4523"}],"curies":[{"name":"wp","href":"https:\/\/api.w.org\/{rel}","templated":true}]}}